{"id":28,"date":"2022-07-23T08:38:51","date_gmt":"2022-07-23T08:38:51","guid":{"rendered":"https:\/\/marianneglaeser.com\/?page_id=28"},"modified":"2025-11-21T15:08:32","modified_gmt":"2025-11-21T15:08:32","slug":"about","status":"publish","type":"page","link":"https:\/\/marianneglaeser.com\/de\/about\/","title":{"rendered":"\u00dcber mich"},"content":{"rendered":"<div data-elementor-type=\"wp-page\" data-elementor-id=\"28\" class=\"elementor elementor-28\" data-elementor-post-type=\"page\">\n\t\t\t\t<div class=\"elementor-element elementor-element-388c9f9 e-flex e-con-boxed e-con e-parent\" data-id=\"388c9f9\" data-element_type=\"container\" data-e-type=\"container\" data-settings=\"{&quot;jet_parallax_layout_list&quot;:[]}\">\n\t\t\t\t\t<div class=\"e-con-inner\">\n\t\t<div class=\"elementor-element elementor-element-a1fc2ce elementor-hidden-mobile e-con-full e-flex e-con e-child\" data-id=\"a1fc2ce\" data-element_type=\"container\" data-e-type=\"container\" data-settings=\"{&quot;background_background&quot;:&quot;classic&quot;,&quot;jet_parallax_layout_list&quot;:[]}\">\n\t\t\t\t<\/div>\n\t\t<div class=\"elementor-element elementor-element-6817b5e e-con-full e-flex e-con e-child\" data-id=\"6817b5e\" data-element_type=\"container\" data-e-type=\"container\" data-settings=\"{&quot;jet_parallax_layout_list&quot;:[]}\">\n\t\t\t\t<div class=\"elementor-element elementor-element-f52f047 elementor-widget elementor-widget-heading\" data-id=\"f52f047\" data-element_type=\"widget\" data-e-type=\"widget\" data-widget_type=\"heading.default\">\n\t\t\t\t\t<h2 class=\"elementor-heading-title elementor-size-default\">Marianne Glaeser MA<\/h2>\t\t\t\t<\/div>\n\t\t\t\t<div class=\"elementor-element elementor-element-c21722b elementor-hidden-desktop elementor-hidden-tablet elementor-widget elementor-widget-image\" data-id=\"c21722b\" data-element_type=\"widget\" data-e-type=\"widget\" data-widget_type=\"image.default\">\n\t\t\t\t\t\t\t\t\t\t\t\t\t\t\t<img fetchpriority=\"high\" decoding=\"async\" width=\"1000\" height=\"1000\" src=\"https:\/\/marianneglaeser.com\/wp-content\/uploads\/2025\/10\/Quadratisch-auf-der-Stiege_web.webp\" class=\"attachment-full size-full wp-image-1295\" alt=\"\" srcset=\"https:\/\/marianneglaeser.com\/wp-content\/uploads\/2025\/10\/Quadratisch-auf-der-Stiege_web.webp 1000w, https:\/\/marianneglaeser.com\/wp-content\/uploads\/2025\/10\/Quadratisch-auf-der-Stiege_web-300x300.webp 300w, https:\/\/marianneglaeser.com\/wp-content\/uploads\/2025\/10\/Quadratisch-auf-der-Stiege_web-150x150.webp 150w, https:\/\/marianneglaeser.com\/wp-content\/uploads\/2025\/10\/Quadratisch-auf-der-Stiege_web-768x768.jpg 768w, https:\/\/marianneglaeser.com\/wp-content\/uploads\/2025\/10\/Quadratisch-auf-der-Stiege_web-12x12.jpg 12w\" sizes=\"(max-width: 1000px) 100vw, 1000px\" \/>\t\t\t\t\t\t\t\t\t\t\t\t\t\t\t<\/div>\n\t\t\t\t<div class=\"elementor-element elementor-element-cfd8e7f elementor-widget elementor-widget-text-editor\" data-id=\"cfd8e7f\" data-element_type=\"widget\" data-e-type=\"widget\" data-widget_type=\"text-editor.default\">\n\t\t\t\t\t\t\t\t\t<p class=\"\"><strong>Pers\u00f6nlicher Hintergrund<\/strong><\/p><p class=\"\">Die 15 Jahre in Subsahara-Afrika, 2 Jahre in Laos\/Asien und 4 Jahre in Rom\/Italien haben meinen \u00f6sterreichischen Horizont signifikant erweitert. Mein \u00e4ltester Sohn machte sein Abitur in Kenia, mein mittlerer Sohn schloss seine Schulbildung in Laos ab, und mein j\u00fcngster startete sein Leben mit einer malawischen Geburtsurkunde. Die Vielfalt der Kulturen und Lebensperspektiven, die ich erleben durfte, haben mich zutiefst gepr\u00e4gt. \nIch bin seit 1987 mit einem wunderbaren Mann verheiratet, mit dem ich ein ziemlich buntes Leben geteilt habe: Wir haben nicht nur die Welt bereist, sondern wir sind beide auch aktiv an der Pflege unserer inneren Prozesse beteiligt, die mindestens genauso abenteuerlich sind. Die H\u00f6hen und Tiefen eines Beziehungslebens haben eine Vertrauensbasis geschaffen, die nur die Zeit bieten kann \u2013 etwas, das ich nicht f\u00fcr selbstverst\u00e4ndlich halte und f\u00fcr das ich wirklich dankbar bin.<\/p>\t\t\t\t\t\t\t\t<\/div>\n\t\t\t\t<\/div>\n\t\t\t\t\t<\/div>\n\t\t\t\t<\/div>\n\t\t<div class=\"elementor-element elementor-element-96c4fcf e-flex e-con-boxed e-con e-parent\" data-id=\"96c4fcf\" data-element_type=\"container\" data-e-type=\"container\" data-settings=\"{&quot;jet_parallax_layout_list&quot;:[]}\">\n\t\t\t\t\t<div class=\"e-con-inner\">\n\t\t<div class=\"elementor-element elementor-element-85f1fc9 e-con-full e-flex e-con e-child\" data-id=\"85f1fc9\" data-element_type=\"container\" data-e-type=\"container\" data-settings=\"{&quot;jet_parallax_layout_list&quot;:[]}\">\n\t\t\t\t<div class=\"elementor-element elementor-element-b1fd0b4 elementor-widget elementor-widget-heading\" data-id=\"b1fd0b4\" data-element_type=\"widget\" data-e-type=\"widget\" data-widget_type=\"heading.default\">\n\t\t\t\t\t<h2 class=\"elementor-heading-title elementor-size-default\">Berufserfahrungen<\/h2>\t\t\t\t<\/div>\n\t\t\t\t<div class=\"elementor-element elementor-element-a16c812 elementor-hidden-desktop elementor-hidden-tablet elementor-widget elementor-widget-image\" data-id=\"a16c812\" data-element_type=\"widget\" data-e-type=\"widget\" data-widget_type=\"image.default\">\n\t\t\t\t\t\t\t\t\t\t\t\t\t\t\t<img decoding=\"async\" width=\"600\" height=\"480\" src=\"https:\/\/marianneglaeser.com\/wp-content\/uploads\/2022\/08\/AdobeStock_43528066.jpeg\" class=\"attachment-large size-large wp-image-274\" alt=\"\" srcset=\"https:\/\/marianneglaeser.com\/wp-content\/uploads\/2022\/08\/AdobeStock_43528066.jpeg 600w, https:\/\/marianneglaeser.com\/wp-content\/uploads\/2022\/08\/AdobeStock_43528066-300x240.jpeg 300w, https:\/\/marianneglaeser.com\/wp-content\/uploads\/2022\/08\/AdobeStock_43528066-15x12.jpeg 15w\" sizes=\"(max-width: 600px) 100vw, 600px\" \/>\t\t\t\t\t\t\t\t\t\t\t\t\t\t\t<\/div>\n\t\t\t\t<div class=\"elementor-element elementor-element-de777f9 elementor-widget elementor-widget-text-editor\" data-id=\"de777f9\" data-element_type=\"widget\" data-e-type=\"widget\" data-widget_type=\"text-editor.default\">\n\t\t\t\t\t\t\t\t\t<p class=\"\">Auf drei verschiedenen Kontinenten als Therapeutin und Coach quer durch alle Gesellschaftsschichten gearbeitet zu haben, ist sicherlich eine meiner wichtigsten Qualit\u00e4ten, die ich in den Coaching-Prozess einbringe. Die Erkenntnisse, die ich aus diesen Erfahrungen gewonnen habe, und meine tiefe Freude, das Wachstum von Menschen mitzuerleben, bringen mir die Erlaubnis meiner Klienten ein, sie in ihrem Streben nach einem erf\u00fcllten Leben zu unterst\u00fctzen und herauszufordern zu d\u00fcrfen. Im Laufe meiner beruflichen Entwicklung habe ich mir eine reiche Auswahl an \u201eWerkzeugen\u201c angeeignet. Angefangen habe ich als P\u00e4dagogin, die Musik und Bewegung zur Bewusstseinsschulung einsetzte. Ich konzentrierte mich auf die Erwachsenenbildung mit Schwerpunkt K\u00f6rpersprache und Selbstwahrnehmung. Mein Master in Counselling (psychologische Beratung) \u00fcber eine englische Universit\u00e4t, f\u00fchrte mich zur Trauma- und Beziehungsarbeit und gew\u00e4hrte mir Einblick in dunkelste Ecken der menschlichen Existenz. Die Erfahrung, dass Menschen aus derartig tiefen Abgr\u00fcnden tats\u00e4chlich herausfinden k\u00f6nnen, hat mir Vertrauen geschenkt in die menschliche F\u00e4higkeit, zu heilen und am Schmerz zu wachsen. Dieser Erfahrung verdanke ich auch das Wissen um unsere Eigenverantwortung in diesem Prozess.<\/p><p>2021 habe ich meine Ausbildung zur geistlichen Begleiterin bei den Jesuiten in Wien abgeschlossen, um  Menschen \u2013 auf Anfrage - Begleitung und Orientierung auf ihrem spirituellen Weg zu bieten.<\/p><p>Dar\u00fcber hinaus habe ich einen autobiografischen Roman und ein Buch \u00fcber mein Beratungsmodell \u201eDas Haus mit vielen Zimmern\u00ae\u201c ver\u00f6ffentlicht, die meine Arbeit bereichern und meine Erkenntnisse mit einem breiteren Publikum teilen.<\/p>\t\t\t\t\t\t\t\t<\/div>\n\t\t\t\t<\/div>\n\t\t<div class=\"elementor-element elementor-element-0ddcbce elementor-hidden-mobile e-con-full e-flex e-con e-child\" data-id=\"0ddcbce\" data-element_type=\"container\" data-e-type=\"container\" data-settings=\"{&quot;background_background&quot;:&quot;classic&quot;,&quot;jet_parallax_layout_list&quot;:[]}\">\n\t\t\t\t<\/div>\n\t\t\t\t\t<\/div>\n\t\t\t\t<\/div>\n\t\t<div class=\"elementor-element elementor-element-6fc51d1 e-flex e-con-boxed e-con e-parent\" data-id=\"6fc51d1\" data-element_type=\"container\" data-e-type=\"container\" data-settings=\"{&quot;jet_parallax_layout_list&quot;:[]}\">\n\t\t\t\t\t<div class=\"e-con-inner\">\n\t\t<div class=\"elementor-element elementor-element-4d052ad elementor-hidden-mobile e-con-full e-flex e-con e-child\" data-id=\"4d052ad\" data-element_type=\"container\" data-e-type=\"container\" data-settings=\"{&quot;background_background&quot;:&quot;classic&quot;,&quot;jet_parallax_layout_list&quot;:[]}\">\n\t\t\t\t<\/div>\n\t\t<div class=\"elementor-element elementor-element-5c37e0f e-con-full e-flex e-con e-child\" data-id=\"5c37e0f\" data-element_type=\"container\" data-e-type=\"container\" data-settings=\"{&quot;jet_parallax_layout_list&quot;:[]}\">\n\t\t\t\t<div class=\"elementor-element elementor-element-b595774 elementor-widget elementor-widget-heading\" data-id=\"b595774\" data-element_type=\"widget\" data-e-type=\"widget\" data-widget_type=\"heading.default\">\n\t\t\t\t\t<h2 class=\"elementor-heading-title elementor-size-default\">Education\n<\/h2>\t\t\t\t<\/div>\n\t\t\t\t<div class=\"elementor-element elementor-element-fa482c2 elementor-hidden-desktop elementor-hidden-tablet elementor-widget elementor-widget-image\" data-id=\"fa482c2\" data-element_type=\"widget\" data-e-type=\"widget\" data-widget_type=\"image.default\">\n\t\t\t\t\t\t\t\t\t\t\t\t\t\t\t<img decoding=\"async\" src=\"https:\/\/marianneglaeser.com\/wp-content\/uploads\/elementor\/thumbs\/diploma-rct8opmfnhy5rcmqksdx417a2eql1214cacol9epik.webp\" title=\"diploma\" alt=\"diploma\" loading=\"lazy\" \/>\t\t\t\t\t\t\t\t\t\t\t\t\t\t\t<\/div>\n\t\t\t\t<div class=\"elementor-element elementor-element-41dfac1 elementor-widget elementor-widget-text-editor\" data-id=\"41dfac1\" data-element_type=\"widget\" data-e-type=\"widget\" data-widget_type=\"text-editor.default\">\n\t\t\t\t\t\t\t\t\t<p class=\"\">Master-Abschluss (MA) in Counselling: Universit\u00e4t Manchester, Gro\u00dfbritannien<\/p><p class=\"\">Ausbildung und Akkreditierung im Life-Coaching: CoachU\/International Coaching Federation<\/p><p class=\"\">Lehramtsstudium f\u00fcr Rhythmisch-musikalische Erziehung: Universit\u00e4t f\u00fcr Musik und darstellende Kunst Wien<\/p><p class=\"\">Traumabegleitung: Hap Training Institute USA: EMDR-Training (\u201eEye Movement Desensitization Reprocessing\u201c)<\/p><p class=\"\">Begegnungszentrierte Paartherapie: Hedy &amp; Yumi Schleifer, London<\/p><p class=\"\">Paarberatung: University of Central Florida<\/p><p class=\"\">Toastmasters International: Zertifikat \u201eCompetent Communicator\u201c<\/p><p class=\"\">Ausbildung in \u201eGeistlicher Begleitung\u201c: Ausbildungszentrum der Jesuiten, Wien<\/p>\t\t\t\t\t\t\t\t<\/div>\n\t\t\t\t<\/div>\n\t\t\t\t\t<\/div>\n\t\t\t\t<\/div>\n\t\t\t\t<\/div>","protected":false},"excerpt":{"rendered":"<p>Marianne Glaeser MA Personal Background I am Austrian by nationality and a global citizen by heart, having lived 15\u00a0years in\u00a0three different\u00a0countries of\u00a0Africa, 2 years in\u00a0Laos\/Asia and 4 years in Rome\/Italy. My youngest son\u2019s first birth\u00a0certificate was Malawian, my eldest did his A-levels in Kenya and my middle son got his IB in Laos.\u00a0The variety of [&hellip;]<\/p>\n","protected":false},"author":1,"featured_media":0,"parent":0,"menu_order":0,"comment_status":"closed","ping_status":"closed","template":"elementor_header_footer","meta":{"footnotes":""},"class_list":["post-28","page","type-page","status-publish","hentry"],"_links":{"self":[{"href":"https:\/\/marianneglaeser.com\/de\/wp-json\/wp\/v2\/pages\/28","targetHints":{"allow":["GET"]}}],"collection":[{"href":"https:\/\/marianneglaeser.com\/de\/wp-json\/wp\/v2\/pages"}],"about":[{"href":"https:\/\/marianneglaeser.com\/de\/wp-json\/wp\/v2\/types\/page"}],"author":[{"embeddable":true,"href":"https:\/\/marianneglaeser.com\/de\/wp-json\/wp\/v2\/users\/1"}],"replies":[{"embeddable":true,"href":"https:\/\/marianneglaeser.com\/de\/wp-json\/wp\/v2\/comments?post=28"}],"version-history":[{"count":97,"href":"https:\/\/marianneglaeser.com\/de\/wp-json\/wp\/v2\/pages\/28\/revisions"}],"predecessor-version":[{"id":1846,"href":"https:\/\/marianneglaeser.com\/de\/wp-json\/wp\/v2\/pages\/28\/revisions\/1846"}],"wp:attachment":[{"href":"https:\/\/marianneglaeser.com\/de\/wp-json\/wp\/v2\/media?parent=28"}],"curies":[{"name":"wp","href":"https:\/\/api.w.org\/{rel}","templated":true}]}}