{"id":628,"date":"2022-09-01T04:01:17","date_gmt":"2022-09-01T04:01:17","guid":{"rendered":"https:\/\/marianneglaeser.com\/?post_type=product&#038;p=628"},"modified":"2022-09-01T04:14:50","modified_gmt":"2022-09-01T04:14:50","slug":"anatomie-eines-wunders","status":"publish","type":"product","link":"https:\/\/marianneglaeser.com\/de\/product\/anatomie-eines-wunders\/","title":{"rendered":"Anatomie eines Wunders"},"content":{"rendered":"<h2 class=\"wp-block-heading\">Die wahre Geschichte einer unglaublichen Befreiung<\/h2>\n\n\n\n<p>Nach einer wahren Begebenheit: Als sie ein Praktikum in einem Beratungszentrum f\u00fcr Fl\u00fcchtlinge in Nairobi antritt, lebt Marianne bereits seit 14 Jahren mit Mann und S\u00f6hnen in Ostafrika. Allein schon der Quereinstieg in den Beruf der Psychotherapeutin ist ein aufregendes Wagnis. Zudem werden der empathischen \u00d6sterreicherin gleich zu Beginn die Fl\u00fcchtlinge Hammeso und Jala zugeteilt: Wegen ihres mutigen Kampfs gegen Menschenhandel sind sie in Lebensgefahr geraten und leben in Nairobi traumatisiert und getrennt von ihren Familien. Die qualvolle Geschichte der beiden heldenhaften \u00c4thiopier stellt Weltbild und Glauben der noch unerfahrenen Therapeutin auf den Pr\u00fcfstand. Schneller als geahnt, erf\u00e4hrt sie von zum Himmel schreiender Ungerechtigkeit und wird pl\u00f6tzlich herausgefordert, mutig ihrem Gewissen zu folgen.<\/p>\n\n\n\n<p>&#8220;Anatomie eines Wunders&#8221; berichtet von der Armut, dem Rassismus, der Korruption, dem Menschenhandel und der Folter, mit denen Fl\u00fcchtlinge konfrontiert werden, und doch bleibt der Grundton ber\u00fchrend tr\u00f6stlich, gepr\u00e4gt von Menschlichkeit und Hoffnung und Glauben. Denn als Marianne schon gar nicht mehr zu hoffen wagt, wird sie Zeugin und Teil einer unglaublichen Sequenz von &#8220;gl\u00fccklichen Zuf\u00e4llen&#8221;. Inspiriert vom heldenhaften Mut und Glauben ihrer Klienten wird sie Zeugin einer ungeahnten Wende. Einer Wende, die am Ende auch ihre eigenen qu\u00e4lenden Lebensfragen befriedet.<\/p>\n\n\n\n<p>Die Leser werden jedoch nicht allein gelassen mit den herausfordernden Themen. Es ist die Ich-Perspektive der Therapeutin und das feinsinnige Reflektieren ihrer Erlebnisse, die dem Leser und der Leserin erm\u00f6glichen, von einer vertrauten Basis aus in das fremde, teils be\u00e4ngstigende Geschehen hineinzuwachsen und Verst\u00e4ndnis daf\u00fcr zu entwickeln. Eine Horizonterweiterung im gesch\u00fctzten Windschatten der Erz\u00e4hlerin.<\/p>\n\n\n\n<blockquote class=\"wp-block-quote is-layout-flow wp-block-quote-is-layout-flow\"><p>&#8220;Ein tiefbewegendes, zeitweilig ersch\u00fctterndes und wundersch\u00f6nes Buch \u00fcber Menschlichkeit und Sch\u00f6nheit, die aus Asche und Leid entstehen kann, und \u00fcber die Gegenwart Gottes an den finsteren Orten dieser Welt. &#8221; <\/p><cite>&#8211; Lydia Schwarz, Autorin<\/cite><\/blockquote>","protected":false},"featured_media":125,"template":"","class_list":["post-628","product","type-product","status-publish","has-post-thumbnail","hentry"],"_links":{"self":[{"href":"https:\/\/marianneglaeser.com\/de\/wp-json\/wp\/v2\/product\/628","targetHints":{"allow":["GET"]}}],"collection":[{"href":"https:\/\/marianneglaeser.com\/de\/wp-json\/wp\/v2\/product"}],"about":[{"href":"https:\/\/marianneglaeser.com\/de\/wp-json\/wp\/v2\/types\/product"}],"wp:featuredmedia":[{"embeddable":true,"href":"https:\/\/marianneglaeser.com\/de\/wp-json\/wp\/v2\/media\/125"}],"wp:attachment":[{"href":"https:\/\/marianneglaeser.com\/de\/wp-json\/wp\/v2\/media?parent=628"}],"curies":[{"name":"wp","href":"https:\/\/api.w.org\/{rel}","templated":true}]}}